{"id":42,"date":"2023-03-27T11:06:35","date_gmt":"2023-03-27T09:06:35","guid":{"rendered":"https:\/\/getraenke-maxx.de\/veranstaltung\/?page_id=42"},"modified":"2023-03-31T10:54:02","modified_gmt":"2023-03-31T08:54:02","slug":"inventar-anfragen","status":"publish","type":"page","link":"https:\/\/getraenke-maxx.de\/veranstaltung\/index.php\/inventar-anfragen\/","title":{"rendered":"Inventar anfragen"},"content":{"rendered":"\t\t<div data-elementor-type=\"wp-page\" data-elementor-id=\"42\" class=\"elementor elementor-42\" data-elementor-post-type=\"page\">\n\t\t\t\t\t\t<section class=\"elementor-section elementor-top-section elementor-element elementor-element-859cbed elementor-section-boxed elementor-section-height-default elementor-section-height-default\" data-id=\"859cbed\" data-element_type=\"section\" data-e-type=\"section\" data-settings=\"{&quot;background_background&quot;:&quot;classic&quot;}\">\n\t\t\t\t\t\t<div class=\"elementor-container elementor-column-gap-default\">\n\t\t\t\t\t<div class=\"elementor-column elementor-col-100 elementor-top-column elementor-element elementor-element-220885b\" data-id=\"220885b\" data-element_type=\"column\" data-e-type=\"column\">\n\t\t\t<div class=\"elementor-widget-wrap elementor-element-populated\">\n\t\t\t\t\t\t<section class=\"elementor-section elementor-inner-section elementor-element elementor-element-2b6c603 elementor-section-boxed elementor-section-height-default elementor-section-height-default\" data-id=\"2b6c603\" data-element_type=\"section\" data-e-type=\"section\">\n\t\t\t\t\t\t<div class=\"elementor-container elementor-column-gap-default\">\n\t\t\t\t\t<div class=\"elementor-column elementor-col-50 elementor-inner-column elementor-element elementor-element-e877672\" data-id=\"e877672\" data-element_type=\"column\" data-e-type=\"column\">\n\t\t\t<div class=\"elementor-widget-wrap\">\n\t\t\t\t\t\t\t<\/div>\n\t\t<\/div>\n\t\t\t\t<div class=\"elementor-column elementor-col-50 elementor-inner-column elementor-element elementor-element-5bf6592\" data-id=\"5bf6592\" data-element_type=\"column\" data-e-type=\"column\">\n\t\t\t<div class=\"elementor-widget-wrap elementor-element-populated\">\n\t\t\t\t\t\t<div class=\"elementor-element elementor-element-a267cb3 elementor-widget__width-auto elementor-widget elementor-widget-heading\" data-id=\"a267cb3\" data-element_type=\"widget\" data-e-type=\"widget\" data-widget_type=\"heading.default\">\n\t\t\t\t<div class=\"elementor-widget-container\">\n\t\t\t\t\t<h2 class=\"elementor-heading-title elementor-size-default\">Feiern wie die Profis?<\/h2>\t\t\t\t<\/div>\n\t\t\t\t<\/div>\n\t\t\t\t<div class=\"elementor-element elementor-element-d73bc7a elementor-widget__width-auto elementor-widget elementor-widget-text-editor\" data-id=\"d73bc7a\" data-element_type=\"widget\" data-e-type=\"widget\" data-widget_type=\"text-editor.default\">\n\t\t\t\t<div class=\"elementor-widget-container\">\n\t\t\t\t\t\t\t\t\t<p><strong>Mit Getr\u00e4nkeMaxx kein Problem.<\/strong><br \/>Du k\u00fcmmerst Dich um die Party, wir k\u00fcmmern uns um Bierzeltgarnituren, Stehtische, Zapfanlagen, K\u00fchlanh\u00e4nger uvm.<\/p>\t\t\t\t\t\t\t\t<\/div>\n\t\t\t\t<\/div>\n\t\t\t\t\t<\/div>\n\t\t<\/div>\n\t\t\t\t\t<\/div>\n\t\t<\/section>\n\t\t\t\t\t<\/div>\n\t\t<\/div>\n\t\t\t\t\t<\/div>\n\t\t<\/section>\n\t\t\t\t<section class=\"elementor-section elementor-top-section elementor-element elementor-element-c1740e4 elementor-section-boxed elementor-section-height-default elementor-section-height-default\" data-id=\"c1740e4\" data-element_type=\"section\" data-e-type=\"section\">\n\t\t\t\t\t\t<div class=\"elementor-container elementor-column-gap-default\">\n\t\t\t\t\t<div class=\"elementor-column elementor-col-100 elementor-top-column elementor-element elementor-element-581ff0e\" data-id=\"581ff0e\" data-element_type=\"column\" data-e-type=\"column\">\n\t\t\t<div class=\"elementor-widget-wrap elementor-element-populated\">\n\t\t\t\t\t\t<div class=\"elementor-element elementor-element-c074c9d elementor-widget elementor-widget-spacer\" data-id=\"c074c9d\" data-element_type=\"widget\" data-e-type=\"widget\" data-widget_type=\"spacer.default\">\n\t\t\t\t<div class=\"elementor-widget-container\">\n\t\t\t\t\t\t\t<div class=\"elementor-spacer\">\n\t\t\t<div class=\"elementor-spacer-inner\"><\/div>\n\t\t<\/div>\n\t\t\t\t\t\t<\/div>\n\t\t\t\t<\/div>\n\t\t\t\t\t<\/div>\n\t\t<\/div>\n\t\t\t\t\t<\/div>\n\t\t<\/section>\n\t\t\t\t<\/div>\n\t\t","protected":false},"excerpt":{"rendered":"<p>Feiern wie die Profis? Mit Getr\u00e4nkeMaxx kein Problem.Du k\u00fcmmerst Dich um die Party, wir k\u00fcmmern uns um Bierzeltgarnituren, Stehtische, Zapfanlagen, K\u00fchlanh\u00e4nger uvm.<\/p>\n","protected":false},"author":1,"featured_media":0,"parent":0,"menu_order":2,"comment_status":"closed","ping_status":"closed","template":"","meta":{"footnotes":""},"class_list":["post-42","page","type-page","status-publish","hentry"],"_links":{"self":[{"href":"https:\/\/getraenke-maxx.de\/veranstaltung\/index.php\/wp-json\/wp\/v2\/pages\/42","targetHints":{"allow":["GET"]}}],"collection":[{"href":"https:\/\/getraenke-maxx.de\/veranstaltung\/index.php\/wp-json\/wp\/v2\/pages"}],"about":[{"href":"https:\/\/getraenke-maxx.de\/veranstaltung\/index.php\/wp-json\/wp\/v2\/types\/page"}],"author":[{"embeddable":true,"href":"https:\/\/getraenke-maxx.de\/veranstaltung\/index.php\/wp-json\/wp\/v2\/users\/1"}],"replies":[{"embeddable":true,"href":"https:\/\/getraenke-maxx.de\/veranstaltung\/index.php\/wp-json\/wp\/v2\/comments?post=42"}],"version-history":[{"count":4,"href":"https:\/\/getraenke-maxx.de\/veranstaltung\/index.php\/wp-json\/wp\/v2\/pages\/42\/revisions"}],"predecessor-version":[{"id":120,"href":"https:\/\/getraenke-maxx.de\/veranstaltung\/index.php\/wp-json\/wp\/v2\/pages\/42\/revisions\/120"}],"wp:attachment":[{"href":"https:\/\/getraenke-maxx.de\/veranstaltung\/index.php\/wp-json\/wp\/v2\/media?parent=42"}],"curies":[{"name":"wp","href":"https:\/\/api.w.org\/{rel}","templated":true}]}}