{"id":16,"date":"2023-03-27T10:52:05","date_gmt":"2023-03-27T08:52:05","guid":{"rendered":"https:\/\/getraenke-maxx.de\/veranstaltung\/?page_id=16"},"modified":"2023-03-31T10:54:13","modified_gmt":"2023-03-31T08:54:13","slug":"kommission","status":"publish","type":"page","link":"https:\/\/getraenke-maxx.de\/veranstaltung\/index.php\/kommission\/","title":{"rendered":"Kommission"},"content":{"rendered":"\t\t<div data-elementor-type=\"wp-page\" data-elementor-id=\"16\" class=\"elementor elementor-16\" data-elementor-post-type=\"page\">\n\t\t\t\t\t\t<section class=\"elementor-section elementor-top-section elementor-element elementor-element-156815b elementor-section-boxed elementor-section-height-default elementor-section-height-default\" data-id=\"156815b\" data-element_type=\"section\" data-e-type=\"section\" data-settings=\"{&quot;background_background&quot;:&quot;classic&quot;}\">\n\t\t\t\t\t\t<div class=\"elementor-container elementor-column-gap-default\">\n\t\t\t\t\t<div class=\"elementor-column elementor-col-100 elementor-top-column elementor-element elementor-element-af7cea6\" data-id=\"af7cea6\" data-element_type=\"column\" data-e-type=\"column\">\n\t\t\t<div class=\"elementor-widget-wrap elementor-element-populated\">\n\t\t\t\t\t\t<section class=\"elementor-section elementor-inner-section elementor-element elementor-element-3d58cf1 elementor-section-boxed elementor-section-height-default elementor-section-height-default\" data-id=\"3d58cf1\" data-element_type=\"section\" data-e-type=\"section\">\n\t\t\t\t\t\t<div class=\"elementor-container elementor-column-gap-default\">\n\t\t\t\t\t<div class=\"elementor-column elementor-col-50 elementor-inner-column elementor-element elementor-element-610c615\" data-id=\"610c615\" data-element_type=\"column\" data-e-type=\"column\">\n\t\t\t<div class=\"elementor-widget-wrap\">\n\t\t\t\t\t\t\t<\/div>\n\t\t<\/div>\n\t\t\t\t<div class=\"elementor-column elementor-col-50 elementor-inner-column elementor-element elementor-element-934cbd6\" data-id=\"934cbd6\" data-element_type=\"column\" data-e-type=\"column\">\n\t\t\t<div class=\"elementor-widget-wrap elementor-element-populated\">\n\t\t\t\t\t\t<div class=\"elementor-element elementor-element-d98df3f elementor-widget__width-auto elementor-widget elementor-widget-heading\" data-id=\"d98df3f\" data-element_type=\"widget\" data-e-type=\"widget\" data-widget_type=\"heading.default\">\n\t\t\t\t<div class=\"elementor-widget-container\">\n\t\t\t\t\t<h2 class=\"elementor-heading-title elementor-size-default\">Feiern wie die Profis?<\/h2>\t\t\t\t<\/div>\n\t\t\t\t<\/div>\n\t\t\t\t<div class=\"elementor-element elementor-element-569553e elementor-widget__width-auto elementor-widget elementor-widget-text-editor\" data-id=\"569553e\" data-element_type=\"widget\" data-e-type=\"widget\" data-widget_type=\"text-editor.default\">\n\t\t\t\t<div class=\"elementor-widget-container\">\n\t\t\t\t\t\t\t\t\t<p><strong>Mit Getr\u00e4nkeMaxx kein Problem.<\/strong><br \/>Du k\u00fcmmerst Dich um die Party, wir k\u00fcmmern uns um Bierzeltgarnituren, Stehtische, Zapfanlagen, K\u00fchlanh\u00e4nger uvm.<\/p>\t\t\t\t\t\t\t\t<\/div>\n\t\t\t\t<\/div>\n\t\t\t\t\t<\/div>\n\t\t<\/div>\n\t\t\t\t\t<\/div>\n\t\t<\/section>\n\t\t\t\t\t<\/div>\n\t\t<\/div>\n\t\t\t\t\t<\/div>\n\t\t<\/section>\n\t\t\t\t<section class=\"elementor-section elementor-top-section elementor-element elementor-element-e2cde3f elementor-section-boxed elementor-section-height-default elementor-section-height-default\" data-id=\"e2cde3f\" data-element_type=\"section\" data-e-type=\"section\">\n\t\t\t\t\t\t<div class=\"elementor-container elementor-column-gap-default\">\n\t\t\t\t\t<div class=\"elementor-column elementor-col-100 elementor-top-column elementor-element elementor-element-3209f9b\" data-id=\"3209f9b\" data-element_type=\"column\" data-e-type=\"column\">\n\t\t\t<div class=\"elementor-widget-wrap elementor-element-populated\">\n\t\t\t\t\t\t<div class=\"elementor-element elementor-element-4d32328 elementor-widget elementor-widget-spacer\" data-id=\"4d32328\" data-element_type=\"widget\" data-e-type=\"widget\" data-widget_type=\"spacer.default\">\n\t\t\t\t<div class=\"elementor-widget-container\">\n\t\t\t\t\t\t\t<div class=\"elementor-spacer\">\n\t\t\t<div class=\"elementor-spacer-inner\"><\/div>\n\t\t<\/div>\n\t\t\t\t\t\t<\/div>\n\t\t\t\t<\/div>\n\t\t\t\t\t<\/div>\n\t\t<\/div>\n\t\t\t\t\t<\/div>\n\t\t<\/section>\n\t\t\t\t<\/div>\n\t\t","protected":false},"excerpt":{"rendered":"<p>Feiern wie die Profis? Mit Getr\u00e4nkeMaxx kein Problem.Du k\u00fcmmerst Dich um die Party, wir k\u00fcmmern uns um Bierzeltgarnituren, Stehtische, Zapfanlagen, K\u00fchlanh\u00e4nger uvm.<\/p>\n","protected":false},"author":1,"featured_media":0,"parent":0,"menu_order":4,"comment_status":"closed","ping_status":"closed","template":"","meta":{"footnotes":""},"class_list":["post-16","page","type-page","status-publish","hentry"],"_links":{"self":[{"href":"https:\/\/getraenke-maxx.de\/veranstaltung\/index.php\/wp-json\/wp\/v2\/pages\/16","targetHints":{"allow":["GET"]}}],"collection":[{"href":"https:\/\/getraenke-maxx.de\/veranstaltung\/index.php\/wp-json\/wp\/v2\/pages"}],"about":[{"href":"https:\/\/getraenke-maxx.de\/veranstaltung\/index.php\/wp-json\/wp\/v2\/types\/page"}],"author":[{"embeddable":true,"href":"https:\/\/getraenke-maxx.de\/veranstaltung\/index.php\/wp-json\/wp\/v2\/users\/1"}],"replies":[{"embeddable":true,"href":"https:\/\/getraenke-maxx.de\/veranstaltung\/index.php\/wp-json\/wp\/v2\/comments?post=16"}],"version-history":[{"count":5,"href":"https:\/\/getraenke-maxx.de\/veranstaltung\/index.php\/wp-json\/wp\/v2\/pages\/16\/revisions"}],"predecessor-version":[{"id":123,"href":"https:\/\/getraenke-maxx.de\/veranstaltung\/index.php\/wp-json\/wp\/v2\/pages\/16\/revisions\/123"}],"wp:attachment":[{"href":"https:\/\/getraenke-maxx.de\/veranstaltung\/index.php\/wp-json\/wp\/v2\/media?parent=16"}],"curies":[{"name":"wp","href":"https:\/\/api.w.org\/{rel}","templated":true}]}}